{"id":20980,"date":"2023-03-08T14:38:26","date_gmt":"2023-03-08T14:38:26","guid":{"rendered":"https:\/\/vinnysklepsvetlik.cz\/?post_type=product&#038;p=20980"},"modified":"2026-03-13T06:09:24","modified_gmt":"2026-03-13T06:09:24","slug":"palava-2022","status":"publish","type":"product","link":"https:\/\/vinnysklepsvetlik.cz\/en\/eshop\/palava-2022\/","title":{"rendered":"P\u00e1lava \u2013 2022"},"content":{"rendered":"<p>Polosuch\u00e9 moravsk\u00e9 zemsk\u00e9 v\u00edno ze sudu, kter\u00e9 m\u00e1 zlatavou barvou a intenzivn\u00ed v\u016fni ko\u0159en\u00ed. Bez filtrace s minimem s\u00edry. Moravsk\u00e9 v\u00edno bez chemie. Sediment nebo vinn\u00fd k\u00e1men nen\u00ed na z\u00e1vadu.<\/p>","protected":false},"excerpt":{"rendered":"<p>Polosuch\u00e9 moravsk\u00e9 zemsk\u00e9 v\u00edno ze sudu, kter\u00e9 m\u00e1 zlatavou barvou a intenzivn\u00ed v\u016fni ko\u0159en\u00ed. Bez filtrace s minimem s\u00edry. Moravsk\u00e9 v\u00edno bez chemie. Sediment nebo vinn\u00fd k\u00e1men nen\u00ed na z\u00e1vadu.<\/p>","protected":false},"featured_media":21075,"template":"","meta":{"om_disable_all_campaigns":false},"product_brand":[],"product_cat":[115],"product_tag":[],"class_list":{"0":"post-20980","1":"product","2":"type-product","3":"status-publish","4":"has-post-thumbnail","6":"product_cat-bila","8":"first","9":"instock","10":"shipping-taxable","11":"purchasable","12":"product-type-simple"},"yoast_head":"<!-- This site is optimized with the Yoast SEO plugin v25.5 - https:\/\/yoast.com\/wordpress\/plugins\/seo\/ -->\n<title>P\u00e1lava \u2013 2022 - Vinn\u00fd sklep u Sv\u011btl\u00edk\u016f<\/title>\n<meta name=\"robots\" content=\"index, follow, max-snippet:-1, max-image-preview:large, max-video-preview:-1\" \/>\n<link rel=\"canonical\" href=\"https:\/\/vinnysklepsvetlik.cz\/en\/eshop\/palava-2022\/\" \/>\n<meta property=\"og:locale\" content=\"en_GB\" \/>\n<meta property=\"og:type\" content=\"article\" \/>\n<meta property=\"og:title\" content=\"P\u00e1lava \u2013 2022 - Vinn\u00fd sklep u Sv\u011btl\u00edk\u016f\" \/>\n<meta property=\"og:description\" content=\"Polosuch\u00e9 moravsk\u00e9 zemsk\u00e9 v\u00edno ze sudu, kter\u00e9 m\u00e1 zlatavou barvou a intenzivn\u00ed v\u016fni ko\u0159en\u00ed. Bez filtrace s minimem s\u00edry. Moravsk\u00e9 v\u00edno bez chemie. Sediment nebo vinn\u00fd k\u00e1men nen\u00ed na z\u00e1vadu.\" \/>\n<meta property=\"og:url\" content=\"https:\/\/vinnysklepsvetlik.cz\/en\/eshop\/palava-2022\/\" \/>\n<meta property=\"og:site_name\" content=\"Vinn\u00fd sklep u Sv\u011btl\u00edk\u016f\" \/>\n<meta property=\"article:modified_time\" content=\"2026-03-13T06:09:24+00:00\" \/>\n<meta property=\"og:image\" content=\"https:\/\/vinnysklepsvetlik.cz\/wp-content\/uploads\/2023\/03\/DSC01054.jpg\" \/>\n\t<meta property=\"og:image:width\" content=\"720\" \/>\n\t<meta property=\"og:image:height\" content=\"1080\" \/>\n\t<meta property=\"og:image:type\" content=\"image\/jpeg\" \/>\n<meta name=\"twitter:card\" content=\"summary_large_image\" \/>\n<meta name=\"twitter:label1\" content=\"Estimated reading time\" \/>\n\t<meta name=\"twitter:data1\" content=\"1 minute\" \/>\n<script type=\"application\/ld+json\" class=\"yoast-schema-graph\">{\"@context\":\"https:\/\/schema.org\",\"@graph\":[{\"@type\":\"WebPage\",\"@id\":\"https:\/\/vinnysklepsvetlik.cz\/eshop\/palava-2022\/\",\"url\":\"https:\/\/vinnysklepsvetlik.cz\/eshop\/palava-2022\/\",\"name\":\"P\u00e1lava \u2013 2022 - Vinn\u00fd sklep u Sv\u011btl\u00edk\u016f\",\"isPartOf\":{\"@id\":\"https:\/\/vinnysklepsvetlik.cz\/#website\"},\"primaryImageOfPage\":{\"@id\":\"https:\/\/vinnysklepsvetlik.cz\/eshop\/palava-2022\/#primaryimage\"},\"image\":{\"@id\":\"https:\/\/vinnysklepsvetlik.cz\/eshop\/palava-2022\/#primaryimage\"},\"thumbnailUrl\":\"https:\/\/vinnysklepsvetlik.cz\/wp-content\/uploads\/2023\/03\/DSC01054.jpg\",\"datePublished\":\"2023-03-08T14:38:26+00:00\",\"dateModified\":\"2026-03-13T06:09:24+00:00\",\"breadcrumb\":{\"@id\":\"https:\/\/vinnysklepsvetlik.cz\/eshop\/palava-2022\/#breadcrumb\"},\"inLanguage\":\"en-GB\",\"potentialAction\":[{\"@type\":\"ReadAction\",\"target\":[\"https:\/\/vinnysklepsvetlik.cz\/eshop\/palava-2022\/\"]}]},{\"@type\":\"ImageObject\",\"inLanguage\":\"en-GB\",\"@id\":\"https:\/\/vinnysklepsvetlik.cz\/eshop\/palava-2022\/#primaryimage\",\"url\":\"https:\/\/vinnysklepsvetlik.cz\/wp-content\/uploads\/2023\/03\/DSC01054.jpg\",\"contentUrl\":\"https:\/\/vinnysklepsvetlik.cz\/wp-content\/uploads\/2023\/03\/DSC01054.jpg\",\"width\":720,\"height\":1080},{\"@type\":\"BreadcrumbList\",\"@id\":\"https:\/\/vinnysklepsvetlik.cz\/eshop\/palava-2022\/#breadcrumb\",\"itemListElement\":[{\"@type\":\"ListItem\",\"position\":1,\"name\":\"Dom\u016f\",\"item\":\"https:\/\/vinnysklepsvetlik.cz\/\"},{\"@type\":\"ListItem\",\"position\":2,\"name\":\"Nab\u00eddka v\u00edn\",\"item\":\"https:\/\/vinnysklepsvetlik.cz\/nabidka-vin\/\"},{\"@type\":\"ListItem\",\"position\":3,\"name\":\"P\u00e1lava \u2013 2022\"}]},{\"@type\":\"WebSite\",\"@id\":\"https:\/\/vinnysklepsvetlik.cz\/#website\",\"url\":\"https:\/\/vinnysklepsvetlik.cz\/\",\"name\":\"Vinn\u00fd sklep u Sv\u011btl\u00edk\u016f\",\"description\":\"Nejsevern\u011bj\u0161\u00ed vinn\u00e1 sklep na Morav\u011b vinn\u00fd sklep U Sv\u011btl\u00edk\u016f, Horn\u00ed Lapa\u010d\",\"potentialAction\":[{\"@type\":\"SearchAction\",\"target\":{\"@type\":\"EntryPoint\",\"urlTemplate\":\"https:\/\/vinnysklepsvetlik.cz\/?s={search_term_string}\"},\"query-input\":{\"@type\":\"PropertyValueSpecification\",\"valueRequired\":true,\"valueName\":\"search_term_string\"}}],\"inLanguage\":\"en-GB\"}]}<\/script>\n<!-- \/ Yoast SEO plugin. -->","yoast_head_json":{"title":"P\u00e1lava \u2013 2022 - Vinn\u00fd sklep u Sv\u011btl\u00edk\u016f","robots":{"index":"index","follow":"follow","max-snippet":"max-snippet:-1","max-image-preview":"max-image-preview:large","max-video-preview":"max-video-preview:-1"},"canonical":"https:\/\/vinnysklepsvetlik.cz\/en\/eshop\/palava-2022\/","og_locale":"en_GB","og_type":"article","og_title":"P\u00e1lava \u2013 2022 - Vinn\u00fd sklep u Sv\u011btl\u00edk\u016f","og_description":"Polosuch\u00e9 moravsk\u00e9 zemsk\u00e9 v\u00edno ze sudu, kter\u00e9 m\u00e1 zlatavou barvou a intenzivn\u00ed v\u016fni ko\u0159en\u00ed. Bez filtrace s minimem s\u00edry. Moravsk\u00e9 v\u00edno bez chemie. Sediment nebo vinn\u00fd k\u00e1men nen\u00ed na z\u00e1vadu.","og_url":"https:\/\/vinnysklepsvetlik.cz\/en\/eshop\/palava-2022\/","og_site_name":"Vinn\u00fd sklep u Sv\u011btl\u00edk\u016f","article_modified_time":"2026-03-13T06:09:24+00:00","og_image":[{"width":720,"height":1080,"url":"https:\/\/vinnysklepsvetlik.cz\/wp-content\/uploads\/2023\/03\/DSC01054.jpg","type":"image\/jpeg"}],"twitter_card":"summary_large_image","twitter_misc":{"Estimated reading time":"1 minute"},"schema":{"@context":"https:\/\/schema.org","@graph":[{"@type":"WebPage","@id":"https:\/\/vinnysklepsvetlik.cz\/eshop\/palava-2022\/","url":"https:\/\/vinnysklepsvetlik.cz\/eshop\/palava-2022\/","name":"P\u00e1lava \u2013 2022 - Vinn\u00fd sklep u Sv\u011btl\u00edk\u016f","isPartOf":{"@id":"https:\/\/vinnysklepsvetlik.cz\/#website"},"primaryImageOfPage":{"@id":"https:\/\/vinnysklepsvetlik.cz\/eshop\/palava-2022\/#primaryimage"},"image":{"@id":"https:\/\/vinnysklepsvetlik.cz\/eshop\/palava-2022\/#primaryimage"},"thumbnailUrl":"https:\/\/vinnysklepsvetlik.cz\/wp-content\/uploads\/2023\/03\/DSC01054.jpg","datePublished":"2023-03-08T14:38:26+00:00","dateModified":"2026-03-13T06:09:24+00:00","breadcrumb":{"@id":"https:\/\/vinnysklepsvetlik.cz\/eshop\/palava-2022\/#breadcrumb"},"inLanguage":"en-GB","potentialAction":[{"@type":"ReadAction","target":["https:\/\/vinnysklepsvetlik.cz\/eshop\/palava-2022\/"]}]},{"@type":"ImageObject","inLanguage":"en-GB","@id":"https:\/\/vinnysklepsvetlik.cz\/eshop\/palava-2022\/#primaryimage","url":"https:\/\/vinnysklepsvetlik.cz\/wp-content\/uploads\/2023\/03\/DSC01054.jpg","contentUrl":"https:\/\/vinnysklepsvetlik.cz\/wp-content\/uploads\/2023\/03\/DSC01054.jpg","width":720,"height":1080},{"@type":"BreadcrumbList","@id":"https:\/\/vinnysklepsvetlik.cz\/eshop\/palava-2022\/#breadcrumb","itemListElement":[{"@type":"ListItem","position":1,"name":"Dom\u016f","item":"https:\/\/vinnysklepsvetlik.cz\/"},{"@type":"ListItem","position":2,"name":"Nab\u00eddka v\u00edn","item":"https:\/\/vinnysklepsvetlik.cz\/nabidka-vin\/"},{"@type":"ListItem","position":3,"name":"P\u00e1lava \u2013 2022"}]},{"@type":"WebSite","@id":"https:\/\/vinnysklepsvetlik.cz\/#website","url":"https:\/\/vinnysklepsvetlik.cz\/","name":"Vinn\u00fd sklep u Sv\u011btl\u00edk\u016f","description":"Nejsevern\u011bj\u0161\u00ed vinn\u00e1 sklep na Morav\u011b vinn\u00fd sklep U Sv\u011btl\u00edk\u016f, Horn\u00ed Lapa\u010d","potentialAction":[{"@type":"SearchAction","target":{"@type":"EntryPoint","urlTemplate":"https:\/\/vinnysklepsvetlik.cz\/?s={search_term_string}"},"query-input":{"@type":"PropertyValueSpecification","valueRequired":true,"valueName":"search_term_string"}}],"inLanguage":"en-GB"}]}},"_links":{"self":[{"href":"https:\/\/vinnysklepsvetlik.cz\/en\/wp-json\/wp\/v2\/product\/20980","targetHints":{"allow":["GET"]}}],"collection":[{"href":"https:\/\/vinnysklepsvetlik.cz\/en\/wp-json\/wp\/v2\/product"}],"about":[{"href":"https:\/\/vinnysklepsvetlik.cz\/en\/wp-json\/wp\/v2\/types\/product"}],"wp:featuredmedia":[{"embeddable":true,"href":"https:\/\/vinnysklepsvetlik.cz\/en\/wp-json\/wp\/v2\/media\/21075"}],"wp:attachment":[{"href":"https:\/\/vinnysklepsvetlik.cz\/en\/wp-json\/wp\/v2\/media?parent=20980"}],"wp:term":[{"taxonomy":"product_brand","embeddable":true,"href":"https:\/\/vinnysklepsvetlik.cz\/en\/wp-json\/wp\/v2\/product_brand?post=20980"},{"taxonomy":"product_cat","embeddable":true,"href":"https:\/\/vinnysklepsvetlik.cz\/en\/wp-json\/wp\/v2\/product_cat?post=20980"},{"taxonomy":"product_tag","embeddable":true,"href":"https:\/\/vinnysklepsvetlik.cz\/en\/wp-json\/wp\/v2\/product_tag?post=20980"}],"curies":[{"name":"wp","href":"https:\/\/api.w.org\/{rel}","templated":true}]}}