{"id":20863,"date":"2022-12-09T00:09:59","date_gmt":"2022-12-09T00:09:59","guid":{"rendered":"https:\/\/vinnysklepsvetlik.cz\/?post_type=product&#038;p=20863"},"modified":"2022-12-15T07:40:17","modified_gmt":"2022-12-15T07:40:17","slug":"darkove-vanocni-baleni-na-dve-lahve-vesele-vanoce","status":"publish","type":"product","link":"https:\/\/vinnysklepsvetlik.cz\/en\/eshop\/darkove-vanocni-baleni-na-dve-lahve-vesele-vanoce\/","title":{"rendered":"D\u00e1rkov\u00e9 v\u00e1no\u010dn\u00ed balen\u00ed na dv\u011b lahve &#8211; vesel\u00e9 V\u00e1noce"},"content":{"rendered":"","protected":false},"excerpt":{"rendered":"","protected":false},"featured_media":20902,"template":"","meta":{"om_disable_all_campaigns":false},"product_brand":[],"product_cat":[205],"product_tag":[],"class_list":{"0":"post-20863","1":"product","2":"type-product","3":"status-publish","4":"has-post-thumbnail","6":"product_cat-darkove-baleni","8":"first","9":"instock","10":"shipping-taxable","11":"purchasable","12":"product-type-simple"},"yoast_head":"<!-- This site is optimized with the Yoast SEO plugin v25.5 - https:\/\/yoast.com\/wordpress\/plugins\/seo\/ -->\n<title>D\u00e1rkov\u00e9 v\u00e1no\u010dn\u00ed balen\u00ed na dv\u011b lahve - vesel\u00e9 V\u00e1noce - Vinn\u00fd sklep u Sv\u011btl\u00edk\u016f<\/title>\n<meta name=\"robots\" content=\"index, follow, max-snippet:-1, max-image-preview:large, max-video-preview:-1\" \/>\n<link rel=\"canonical\" href=\"https:\/\/vinnysklepsvetlik.cz\/en\/eshop\/darkove-vanocni-baleni-na-dve-lahve-vesele-vanoce\/\" \/>\n<meta property=\"og:locale\" content=\"en_GB\" \/>\n<meta property=\"og:type\" content=\"article\" \/>\n<meta property=\"og:title\" content=\"D\u00e1rkov\u00e9 v\u00e1no\u010dn\u00ed balen\u00ed na dv\u011b lahve - vesel\u00e9 V\u00e1noce - Vinn\u00fd sklep u Sv\u011btl\u00edk\u016f\" \/>\n<meta property=\"og:url\" content=\"https:\/\/vinnysklepsvetlik.cz\/en\/eshop\/darkove-vanocni-baleni-na-dve-lahve-vesele-vanoce\/\" \/>\n<meta property=\"og:site_name\" content=\"Vinn\u00fd sklep u Sv\u011btl\u00edk\u016f\" \/>\n<meta property=\"article:modified_time\" content=\"2022-12-15T07:40:17+00:00\" \/>\n<meta property=\"og:image\" content=\"https:\/\/vinnysklepsvetlik.cz\/wp-content\/uploads\/2022\/12\/IMG_20221206_162856.jpg\" \/>\n\t<meta property=\"og:image:width\" content=\"750\" \/>\n\t<meta property=\"og:image:height\" content=\"1000\" \/>\n\t<meta property=\"og:image:type\" content=\"image\/jpeg\" \/>\n<meta name=\"twitter:card\" content=\"summary_large_image\" \/>\n<script type=\"application\/ld+json\" class=\"yoast-schema-graph\">{\"@context\":\"https:\/\/schema.org\",\"@graph\":[{\"@type\":\"WebPage\",\"@id\":\"https:\/\/vinnysklepsvetlik.cz\/eshop\/darkove-vanocni-baleni-na-dve-lahve-vesele-vanoce\/\",\"url\":\"https:\/\/vinnysklepsvetlik.cz\/eshop\/darkove-vanocni-baleni-na-dve-lahve-vesele-vanoce\/\",\"name\":\"D\u00e1rkov\u00e9 v\u00e1no\u010dn\u00ed balen\u00ed na dv\u011b lahve - vesel\u00e9 V\u00e1noce - Vinn\u00fd sklep u Sv\u011btl\u00edk\u016f\",\"isPartOf\":{\"@id\":\"https:\/\/vinnysklepsvetlik.cz\/#website\"},\"primaryImageOfPage\":{\"@id\":\"https:\/\/vinnysklepsvetlik.cz\/eshop\/darkove-vanocni-baleni-na-dve-lahve-vesele-vanoce\/#primaryimage\"},\"image\":{\"@id\":\"https:\/\/vinnysklepsvetlik.cz\/eshop\/darkove-vanocni-baleni-na-dve-lahve-vesele-vanoce\/#primaryimage\"},\"thumbnailUrl\":\"https:\/\/vinnysklepsvetlik.cz\/wp-content\/uploads\/2022\/12\/IMG_20221206_162856.jpg\",\"datePublished\":\"2022-12-09T00:09:59+00:00\",\"dateModified\":\"2022-12-15T07:40:17+00:00\",\"breadcrumb\":{\"@id\":\"https:\/\/vinnysklepsvetlik.cz\/eshop\/darkove-vanocni-baleni-na-dve-lahve-vesele-vanoce\/#breadcrumb\"},\"inLanguage\":\"en-GB\",\"potentialAction\":[{\"@type\":\"ReadAction\",\"target\":[\"https:\/\/vinnysklepsvetlik.cz\/eshop\/darkove-vanocni-baleni-na-dve-lahve-vesele-vanoce\/\"]}]},{\"@type\":\"ImageObject\",\"inLanguage\":\"en-GB\",\"@id\":\"https:\/\/vinnysklepsvetlik.cz\/eshop\/darkove-vanocni-baleni-na-dve-lahve-vesele-vanoce\/#primaryimage\",\"url\":\"https:\/\/vinnysklepsvetlik.cz\/wp-content\/uploads\/2022\/12\/IMG_20221206_162856.jpg\",\"contentUrl\":\"https:\/\/vinnysklepsvetlik.cz\/wp-content\/uploads\/2022\/12\/IMG_20221206_162856.jpg\",\"width\":750,\"height\":1000},{\"@type\":\"BreadcrumbList\",\"@id\":\"https:\/\/vinnysklepsvetlik.cz\/eshop\/darkove-vanocni-baleni-na-dve-lahve-vesele-vanoce\/#breadcrumb\",\"itemListElement\":[{\"@type\":\"ListItem\",\"position\":1,\"name\":\"Dom\u016f\",\"item\":\"https:\/\/vinnysklepsvetlik.cz\/\"},{\"@type\":\"ListItem\",\"position\":2,\"name\":\"Nab\u00eddka v\u00edn\",\"item\":\"https:\/\/vinnysklepsvetlik.cz\/nabidka-vin\/\"},{\"@type\":\"ListItem\",\"position\":3,\"name\":\"D\u00e1rkov\u00e9 v\u00e1no\u010dn\u00ed balen\u00ed na dv\u011b lahve &#8211; vesel\u00e9 V\u00e1noce\"}]},{\"@type\":\"WebSite\",\"@id\":\"https:\/\/vinnysklepsvetlik.cz\/#website\",\"url\":\"https:\/\/vinnysklepsvetlik.cz\/\",\"name\":\"Vinn\u00fd sklep u Sv\u011btl\u00edk\u016f\",\"description\":\"Nejsevern\u011bj\u0161\u00ed vinn\u00e1 sklep na Morav\u011b vinn\u00fd sklep U Sv\u011btl\u00edk\u016f, Horn\u00ed Lapa\u010d\",\"potentialAction\":[{\"@type\":\"SearchAction\",\"target\":{\"@type\":\"EntryPoint\",\"urlTemplate\":\"https:\/\/vinnysklepsvetlik.cz\/?s={search_term_string}\"},\"query-input\":{\"@type\":\"PropertyValueSpecification\",\"valueRequired\":true,\"valueName\":\"search_term_string\"}}],\"inLanguage\":\"en-GB\"}]}<\/script>\n<!-- \/ Yoast SEO plugin. -->","yoast_head_json":{"title":"D\u00e1rkov\u00e9 v\u00e1no\u010dn\u00ed balen\u00ed na dv\u011b lahve - vesel\u00e9 V\u00e1noce - Vinn\u00fd sklep u Sv\u011btl\u00edk\u016f","robots":{"index":"index","follow":"follow","max-snippet":"max-snippet:-1","max-image-preview":"max-image-preview:large","max-video-preview":"max-video-preview:-1"},"canonical":"https:\/\/vinnysklepsvetlik.cz\/en\/eshop\/darkove-vanocni-baleni-na-dve-lahve-vesele-vanoce\/","og_locale":"en_GB","og_type":"article","og_title":"D\u00e1rkov\u00e9 v\u00e1no\u010dn\u00ed balen\u00ed na dv\u011b lahve - vesel\u00e9 V\u00e1noce - Vinn\u00fd sklep u Sv\u011btl\u00edk\u016f","og_url":"https:\/\/vinnysklepsvetlik.cz\/en\/eshop\/darkove-vanocni-baleni-na-dve-lahve-vesele-vanoce\/","og_site_name":"Vinn\u00fd sklep u Sv\u011btl\u00edk\u016f","article_modified_time":"2022-12-15T07:40:17+00:00","og_image":[{"width":750,"height":1000,"url":"https:\/\/vinnysklepsvetlik.cz\/wp-content\/uploads\/2022\/12\/IMG_20221206_162856.jpg","type":"image\/jpeg"}],"twitter_card":"summary_large_image","schema":{"@context":"https:\/\/schema.org","@graph":[{"@type":"WebPage","@id":"https:\/\/vinnysklepsvetlik.cz\/eshop\/darkove-vanocni-baleni-na-dve-lahve-vesele-vanoce\/","url":"https:\/\/vinnysklepsvetlik.cz\/eshop\/darkove-vanocni-baleni-na-dve-lahve-vesele-vanoce\/","name":"D\u00e1rkov\u00e9 v\u00e1no\u010dn\u00ed balen\u00ed na dv\u011b lahve - vesel\u00e9 V\u00e1noce - Vinn\u00fd sklep u Sv\u011btl\u00edk\u016f","isPartOf":{"@id":"https:\/\/vinnysklepsvetlik.cz\/#website"},"primaryImageOfPage":{"@id":"https:\/\/vinnysklepsvetlik.cz\/eshop\/darkove-vanocni-baleni-na-dve-lahve-vesele-vanoce\/#primaryimage"},"image":{"@id":"https:\/\/vinnysklepsvetlik.cz\/eshop\/darkove-vanocni-baleni-na-dve-lahve-vesele-vanoce\/#primaryimage"},"thumbnailUrl":"https:\/\/vinnysklepsvetlik.cz\/wp-content\/uploads\/2022\/12\/IMG_20221206_162856.jpg","datePublished":"2022-12-09T00:09:59+00:00","dateModified":"2022-12-15T07:40:17+00:00","breadcrumb":{"@id":"https:\/\/vinnysklepsvetlik.cz\/eshop\/darkove-vanocni-baleni-na-dve-lahve-vesele-vanoce\/#breadcrumb"},"inLanguage":"en-GB","potentialAction":[{"@type":"ReadAction","target":["https:\/\/vinnysklepsvetlik.cz\/eshop\/darkove-vanocni-baleni-na-dve-lahve-vesele-vanoce\/"]}]},{"@type":"ImageObject","inLanguage":"en-GB","@id":"https:\/\/vinnysklepsvetlik.cz\/eshop\/darkove-vanocni-baleni-na-dve-lahve-vesele-vanoce\/#primaryimage","url":"https:\/\/vinnysklepsvetlik.cz\/wp-content\/uploads\/2022\/12\/IMG_20221206_162856.jpg","contentUrl":"https:\/\/vinnysklepsvetlik.cz\/wp-content\/uploads\/2022\/12\/IMG_20221206_162856.jpg","width":750,"height":1000},{"@type":"BreadcrumbList","@id":"https:\/\/vinnysklepsvetlik.cz\/eshop\/darkove-vanocni-baleni-na-dve-lahve-vesele-vanoce\/#breadcrumb","itemListElement":[{"@type":"ListItem","position":1,"name":"Dom\u016f","item":"https:\/\/vinnysklepsvetlik.cz\/"},{"@type":"ListItem","position":2,"name":"Nab\u00eddka v\u00edn","item":"https:\/\/vinnysklepsvetlik.cz\/nabidka-vin\/"},{"@type":"ListItem","position":3,"name":"D\u00e1rkov\u00e9 v\u00e1no\u010dn\u00ed balen\u00ed na dv\u011b lahve &#8211; vesel\u00e9 V\u00e1noce"}]},{"@type":"WebSite","@id":"https:\/\/vinnysklepsvetlik.cz\/#website","url":"https:\/\/vinnysklepsvetlik.cz\/","name":"Vinn\u00fd sklep u Sv\u011btl\u00edk\u016f","description":"Nejsevern\u011bj\u0161\u00ed vinn\u00e1 sklep na Morav\u011b vinn\u00fd sklep U Sv\u011btl\u00edk\u016f, Horn\u00ed Lapa\u010d","potentialAction":[{"@type":"SearchAction","target":{"@type":"EntryPoint","urlTemplate":"https:\/\/vinnysklepsvetlik.cz\/?s={search_term_string}"},"query-input":{"@type":"PropertyValueSpecification","valueRequired":true,"valueName":"search_term_string"}}],"inLanguage":"en-GB"}]}},"_links":{"self":[{"href":"https:\/\/vinnysklepsvetlik.cz\/en\/wp-json\/wp\/v2\/product\/20863","targetHints":{"allow":["GET"]}}],"collection":[{"href":"https:\/\/vinnysklepsvetlik.cz\/en\/wp-json\/wp\/v2\/product"}],"about":[{"href":"https:\/\/vinnysklepsvetlik.cz\/en\/wp-json\/wp\/v2\/types\/product"}],"wp:featuredmedia":[{"embeddable":true,"href":"https:\/\/vinnysklepsvetlik.cz\/en\/wp-json\/wp\/v2\/media\/20902"}],"wp:attachment":[{"href":"https:\/\/vinnysklepsvetlik.cz\/en\/wp-json\/wp\/v2\/media?parent=20863"}],"wp:term":[{"taxonomy":"product_brand","embeddable":true,"href":"https:\/\/vinnysklepsvetlik.cz\/en\/wp-json\/wp\/v2\/product_brand?post=20863"},{"taxonomy":"product_cat","embeddable":true,"href":"https:\/\/vinnysklepsvetlik.cz\/en\/wp-json\/wp\/v2\/product_cat?post=20863"},{"taxonomy":"product_tag","embeddable":true,"href":"https:\/\/vinnysklepsvetlik.cz\/en\/wp-json\/wp\/v2\/product_tag?post=20863"}],"curies":[{"name":"wp","href":"https:\/\/api.w.org\/{rel}","templated":true}]}}