{"id":20653,"date":"2022-11-29T21:35:35","date_gmt":"2022-11-29T21:35:35","guid":{"rendered":"https:\/\/vinnysklepsvetlik.cz\/?post_type=product&#038;p=20653"},"modified":"2026-03-13T06:13:11","modified_gmt":"2026-03-13T06:13:11","slug":"svatovavrinecke-rose","status":"publish","type":"product","link":"https:\/\/vinnysklepsvetlik.cz\/en\/eshop\/svatovavrinecke-rose\/","title":{"rendered":"Svatovav\u0159ineck\u00e9 ros\u00e9"},"content":{"rendered":"<p>Kr\u00e1sn\u011b lahodn\u00e9, moravsk\u00e9 zemsk\u00e9, lehk\u00e9 a sv\u011b\u017e\u00ed v\u00edno. V\u016fn\u011b je p\u0159\u00edjemn\u011b ovocn\u00e1 s chut\u00ed po jahod\u011b. Snouben\u00ed m\u016f\u017ee b\u00fdt ke grilovan\u00e9mu hermel\u00ednu se zeleninou a rozpe\u010denou bagetkou. Produkt je nefiltrovan\u00fd s minimem s\u00edry. <span style=\"font-size: 19.55px;letter-spacing: 0px\">Moravsk\u00e9 <\/span> v\u00edno s l\u00e1skou vyrobeno<em>. <\/em>P\u0159\u00edpadn\u00fd sediment nebo vinn\u00fd k\u00e1men je p\u0159\u00edrodn\u00ed povahy a nen\u00ed vadou v\u00fdrobku.<\/p>\n<p>&nbsp;<\/p>\n<p>&nbsp;<\/p>\n<ul>\n<li>hrozny sb\u00edr\u00e1ny v kvalit\u011b kabinetu<\/li>\n<li>skladovat p\u0159i teplot\u011b do 14\u00b0C<\/li>\n<li>alkohol: 11,5% obj.<\/li>\n<li>objem l\u00e1hve: 0,75 l<\/li>\n<\/ul>","protected":false},"excerpt":{"rendered":"<p>Kr\u00e1sn\u011b lahodn\u00e9, moravsk\u00e9 zemsk\u00e9, lehk\u00e9 a sv\u011b\u017e\u00ed v\u00edno. V\u016fn\u011b je p\u0159\u00edjemn\u011b ovocn\u00e1 s chut\u00ed po jahod\u011b. Snouben\u00ed m\u016f\u017ee b\u00fdt ke grilovan\u00e9mu hermel\u00ednu se zeleninou a rozpe\u010denou bagetkou. Produkt je nefiltrovan\u00fd s minimem s\u00edry. <span style=\"font-size: 19.55px;letter-spacing: 0px\">Moravsk\u00e9 <\/span>v\u00edno s l\u00e1skou vyrobeno<em>. <\/em>P\u0159\u00edpadn\u00fd sediment nebo vinn\u00fd k\u00e1men je p\u0159\u00edrodn\u00ed povahy a nen\u00ed vadou v\u00fdrobku.<\/p>","protected":false},"featured_media":21071,"template":"","meta":{"om_disable_all_campaigns":false},"product_brand":[],"product_cat":[206],"product_tag":[],"class_list":{"0":"post-20653","1":"product","2":"type-product","3":"status-publish","4":"has-post-thumbnail","6":"product_cat-ruzova","8":"first","9":"instock","10":"shipping-taxable","11":"purchasable","12":"product-type-simple"},"yoast_head":"<!-- This site is optimized with the Yoast SEO plugin v25.5 - https:\/\/yoast.com\/wordpress\/plugins\/seo\/ -->\n<title>Svatovav\u0159ineck\u00e9 ros\u00e9 - Vinn\u00fd sklep u Sv\u011btl\u00edk\u016f<\/title>\n<meta name=\"robots\" content=\"index, follow, max-snippet:-1, max-image-preview:large, max-video-preview:-1\" \/>\n<link rel=\"canonical\" href=\"https:\/\/vinnysklepsvetlik.cz\/en\/eshop\/svatovavrinecke-rose\/\" \/>\n<meta property=\"og:locale\" content=\"en_GB\" \/>\n<meta property=\"og:type\" content=\"article\" \/>\n<meta property=\"og:title\" content=\"Svatovav\u0159ineck\u00e9 ros\u00e9 - Vinn\u00fd sklep u Sv\u011btl\u00edk\u016f\" \/>\n<meta property=\"og:description\" content=\"Kr\u00e1sn\u011b lahodn\u00e9, moravsk\u00e9 zemsk\u00e9, lehk\u00e9 a sv\u011b\u017e\u00ed v\u00edno. V\u016fn\u011b je p\u0159\u00edjemn\u011b ovocn\u00e1 s chut\u00ed po jahod\u011b. Snouben\u00ed m\u016f\u017ee b\u00fdt ke grilovan\u00e9mu hermel\u00ednu se zeleninou a rozpe\u010denou bagetkou. Produkt je nefiltrovan\u00fd s minimem s\u00edry. Moravsk\u00e9 v\u00edno s l\u00e1skou vyrobeno. P\u0159\u00edpadn\u00fd sediment nebo vinn\u00fd k\u00e1men je p\u0159\u00edrodn\u00ed povahy a nen\u00ed vadou v\u00fdrobku.\" \/>\n<meta property=\"og:url\" content=\"https:\/\/vinnysklepsvetlik.cz\/en\/eshop\/svatovavrinecke-rose\/\" \/>\n<meta property=\"og:site_name\" content=\"Vinn\u00fd sklep u Sv\u011btl\u00edk\u016f\" \/>\n<meta property=\"article:modified_time\" content=\"2026-03-13T06:13:11+00:00\" \/>\n<meta property=\"og:image\" content=\"https:\/\/vinnysklepsvetlik.cz\/wp-content\/uploads\/2023\/03\/DSC01049.jpg\" \/>\n\t<meta property=\"og:image:width\" content=\"720\" \/>\n\t<meta property=\"og:image:height\" content=\"1080\" \/>\n\t<meta property=\"og:image:type\" content=\"image\/jpeg\" \/>\n<meta name=\"twitter:card\" content=\"summary_large_image\" \/>\n<meta name=\"twitter:label1\" content=\"Estimated reading time\" \/>\n\t<meta name=\"twitter:data1\" content=\"1 minute\" \/>\n<script type=\"application\/ld+json\" class=\"yoast-schema-graph\">{\"@context\":\"https:\/\/schema.org\",\"@graph\":[{\"@type\":\"WebPage\",\"@id\":\"https:\/\/vinnysklepsvetlik.cz\/eshop\/svatovavrinecke-rose\/\",\"url\":\"https:\/\/vinnysklepsvetlik.cz\/eshop\/svatovavrinecke-rose\/\",\"name\":\"Svatovav\u0159ineck\u00e9 ros\u00e9 - Vinn\u00fd sklep u Sv\u011btl\u00edk\u016f\",\"isPartOf\":{\"@id\":\"https:\/\/vinnysklepsvetlik.cz\/#website\"},\"primaryImageOfPage\":{\"@id\":\"https:\/\/vinnysklepsvetlik.cz\/eshop\/svatovavrinecke-rose\/#primaryimage\"},\"image\":{\"@id\":\"https:\/\/vinnysklepsvetlik.cz\/eshop\/svatovavrinecke-rose\/#primaryimage\"},\"thumbnailUrl\":\"https:\/\/vinnysklepsvetlik.cz\/wp-content\/uploads\/2023\/03\/DSC01049.jpg\",\"datePublished\":\"2022-11-29T21:35:35+00:00\",\"dateModified\":\"2026-03-13T06:13:11+00:00\",\"breadcrumb\":{\"@id\":\"https:\/\/vinnysklepsvetlik.cz\/eshop\/svatovavrinecke-rose\/#breadcrumb\"},\"inLanguage\":\"en-GB\",\"potentialAction\":[{\"@type\":\"ReadAction\",\"target\":[\"https:\/\/vinnysklepsvetlik.cz\/eshop\/svatovavrinecke-rose\/\"]}]},{\"@type\":\"ImageObject\",\"inLanguage\":\"en-GB\",\"@id\":\"https:\/\/vinnysklepsvetlik.cz\/eshop\/svatovavrinecke-rose\/#primaryimage\",\"url\":\"https:\/\/vinnysklepsvetlik.cz\/wp-content\/uploads\/2023\/03\/DSC01049.jpg\",\"contentUrl\":\"https:\/\/vinnysklepsvetlik.cz\/wp-content\/uploads\/2023\/03\/DSC01049.jpg\",\"width\":720,\"height\":1080},{\"@type\":\"BreadcrumbList\",\"@id\":\"https:\/\/vinnysklepsvetlik.cz\/eshop\/svatovavrinecke-rose\/#breadcrumb\",\"itemListElement\":[{\"@type\":\"ListItem\",\"position\":1,\"name\":\"Dom\u016f\",\"item\":\"https:\/\/vinnysklepsvetlik.cz\/\"},{\"@type\":\"ListItem\",\"position\":2,\"name\":\"Nab\u00eddka v\u00edn\",\"item\":\"https:\/\/vinnysklepsvetlik.cz\/nabidka-vin\/\"},{\"@type\":\"ListItem\",\"position\":3,\"name\":\"Svatovav\u0159ineck\u00e9 ros\u00e9\"}]},{\"@type\":\"WebSite\",\"@id\":\"https:\/\/vinnysklepsvetlik.cz\/#website\",\"url\":\"https:\/\/vinnysklepsvetlik.cz\/\",\"name\":\"Vinn\u00fd sklep u Sv\u011btl\u00edk\u016f\",\"description\":\"Nejsevern\u011bj\u0161\u00ed vinn\u00e1 sklep na Morav\u011b vinn\u00fd sklep U Sv\u011btl\u00edk\u016f, Horn\u00ed Lapa\u010d\",\"potentialAction\":[{\"@type\":\"SearchAction\",\"target\":{\"@type\":\"EntryPoint\",\"urlTemplate\":\"https:\/\/vinnysklepsvetlik.cz\/?s={search_term_string}\"},\"query-input\":{\"@type\":\"PropertyValueSpecification\",\"valueRequired\":true,\"valueName\":\"search_term_string\"}}],\"inLanguage\":\"en-GB\"}]}<\/script>\n<!-- \/ Yoast SEO plugin. -->","yoast_head_json":{"title":"Svatovav\u0159ineck\u00e9 ros\u00e9 - Vinn\u00fd sklep u Sv\u011btl\u00edk\u016f","robots":{"index":"index","follow":"follow","max-snippet":"max-snippet:-1","max-image-preview":"max-image-preview:large","max-video-preview":"max-video-preview:-1"},"canonical":"https:\/\/vinnysklepsvetlik.cz\/en\/eshop\/svatovavrinecke-rose\/","og_locale":"en_GB","og_type":"article","og_title":"Svatovav\u0159ineck\u00e9 ros\u00e9 - Vinn\u00fd sklep u Sv\u011btl\u00edk\u016f","og_description":"Kr\u00e1sn\u011b lahodn\u00e9, moravsk\u00e9 zemsk\u00e9, lehk\u00e9 a sv\u011b\u017e\u00ed v\u00edno. V\u016fn\u011b je p\u0159\u00edjemn\u011b ovocn\u00e1 s chut\u00ed po jahod\u011b. Snouben\u00ed m\u016f\u017ee b\u00fdt ke grilovan\u00e9mu hermel\u00ednu se zeleninou a rozpe\u010denou bagetkou. Produkt je nefiltrovan\u00fd s minimem s\u00edry. Moravsk\u00e9 v\u00edno s l\u00e1skou vyrobeno. P\u0159\u00edpadn\u00fd sediment nebo vinn\u00fd k\u00e1men je p\u0159\u00edrodn\u00ed povahy a nen\u00ed vadou v\u00fdrobku.","og_url":"https:\/\/vinnysklepsvetlik.cz\/en\/eshop\/svatovavrinecke-rose\/","og_site_name":"Vinn\u00fd sklep u Sv\u011btl\u00edk\u016f","article_modified_time":"2026-03-13T06:13:11+00:00","og_image":[{"width":720,"height":1080,"url":"https:\/\/vinnysklepsvetlik.cz\/wp-content\/uploads\/2023\/03\/DSC01049.jpg","type":"image\/jpeg"}],"twitter_card":"summary_large_image","twitter_misc":{"Estimated reading time":"1 minute"},"schema":{"@context":"https:\/\/schema.org","@graph":[{"@type":"WebPage","@id":"https:\/\/vinnysklepsvetlik.cz\/eshop\/svatovavrinecke-rose\/","url":"https:\/\/vinnysklepsvetlik.cz\/eshop\/svatovavrinecke-rose\/","name":"Svatovav\u0159ineck\u00e9 ros\u00e9 - Vinn\u00fd sklep u Sv\u011btl\u00edk\u016f","isPartOf":{"@id":"https:\/\/vinnysklepsvetlik.cz\/#website"},"primaryImageOfPage":{"@id":"https:\/\/vinnysklepsvetlik.cz\/eshop\/svatovavrinecke-rose\/#primaryimage"},"image":{"@id":"https:\/\/vinnysklepsvetlik.cz\/eshop\/svatovavrinecke-rose\/#primaryimage"},"thumbnailUrl":"https:\/\/vinnysklepsvetlik.cz\/wp-content\/uploads\/2023\/03\/DSC01049.jpg","datePublished":"2022-11-29T21:35:35+00:00","dateModified":"2026-03-13T06:13:11+00:00","breadcrumb":{"@id":"https:\/\/vinnysklepsvetlik.cz\/eshop\/svatovavrinecke-rose\/#breadcrumb"},"inLanguage":"en-GB","potentialAction":[{"@type":"ReadAction","target":["https:\/\/vinnysklepsvetlik.cz\/eshop\/svatovavrinecke-rose\/"]}]},{"@type":"ImageObject","inLanguage":"en-GB","@id":"https:\/\/vinnysklepsvetlik.cz\/eshop\/svatovavrinecke-rose\/#primaryimage","url":"https:\/\/vinnysklepsvetlik.cz\/wp-content\/uploads\/2023\/03\/DSC01049.jpg","contentUrl":"https:\/\/vinnysklepsvetlik.cz\/wp-content\/uploads\/2023\/03\/DSC01049.jpg","width":720,"height":1080},{"@type":"BreadcrumbList","@id":"https:\/\/vinnysklepsvetlik.cz\/eshop\/svatovavrinecke-rose\/#breadcrumb","itemListElement":[{"@type":"ListItem","position":1,"name":"Dom\u016f","item":"https:\/\/vinnysklepsvetlik.cz\/"},{"@type":"ListItem","position":2,"name":"Nab\u00eddka v\u00edn","item":"https:\/\/vinnysklepsvetlik.cz\/nabidka-vin\/"},{"@type":"ListItem","position":3,"name":"Svatovav\u0159ineck\u00e9 ros\u00e9"}]},{"@type":"WebSite","@id":"https:\/\/vinnysklepsvetlik.cz\/#website","url":"https:\/\/vinnysklepsvetlik.cz\/","name":"Vinn\u00fd sklep u Sv\u011btl\u00edk\u016f","description":"Nejsevern\u011bj\u0161\u00ed vinn\u00e1 sklep na Morav\u011b vinn\u00fd sklep U Sv\u011btl\u00edk\u016f, Horn\u00ed Lapa\u010d","potentialAction":[{"@type":"SearchAction","target":{"@type":"EntryPoint","urlTemplate":"https:\/\/vinnysklepsvetlik.cz\/?s={search_term_string}"},"query-input":{"@type":"PropertyValueSpecification","valueRequired":true,"valueName":"search_term_string"}}],"inLanguage":"en-GB"}]}},"_links":{"self":[{"href":"https:\/\/vinnysklepsvetlik.cz\/en\/wp-json\/wp\/v2\/product\/20653","targetHints":{"allow":["GET"]}}],"collection":[{"href":"https:\/\/vinnysklepsvetlik.cz\/en\/wp-json\/wp\/v2\/product"}],"about":[{"href":"https:\/\/vinnysklepsvetlik.cz\/en\/wp-json\/wp\/v2\/types\/product"}],"wp:featuredmedia":[{"embeddable":true,"href":"https:\/\/vinnysklepsvetlik.cz\/en\/wp-json\/wp\/v2\/media\/21071"}],"wp:attachment":[{"href":"https:\/\/vinnysklepsvetlik.cz\/en\/wp-json\/wp\/v2\/media?parent=20653"}],"wp:term":[{"taxonomy":"product_brand","embeddable":true,"href":"https:\/\/vinnysklepsvetlik.cz\/en\/wp-json\/wp\/v2\/product_brand?post=20653"},{"taxonomy":"product_cat","embeddable":true,"href":"https:\/\/vinnysklepsvetlik.cz\/en\/wp-json\/wp\/v2\/product_cat?post=20653"},{"taxonomy":"product_tag","embeddable":true,"href":"https:\/\/vinnysklepsvetlik.cz\/en\/wp-json\/wp\/v2\/product_tag?post=20653"}],"curies":[{"name":"wp","href":"https:\/\/api.w.org\/{rel}","templated":true}]}}