{"id":20264,"date":"2022-08-17T23:52:42","date_gmt":"2022-08-17T23:52:42","guid":{"rendered":"https:\/\/vinnysklepsvetlik.cz\/zasady-cookies-eu\/"},"modified":"2022-08-18T20:54:11","modified_gmt":"2022-08-18T20:54:11","slug":"zasady-cookies-eu","status":"publish","type":"page","link":"https:\/\/vinnysklepsvetlik.cz\/en\/zasady-cookies-eu\/","title":{"rendered":"Z\u00e1sady cookies (EU)"},"content":{"rendered":"Region EU not activated for cookie-statement.","protected":false},"excerpt":{"rendered":"","protected":false},"author":1,"featured_media":0,"parent":0,"menu_order":0,"comment_status":"closed","ping_status":"closed","template":"","meta":{"om_disable_all_campaigns":false,"footnotes":""},"class_list":["post-20264","page","type-page","status-publish","hentry"],"yoast_head":"<!-- This site is optimized with the Yoast SEO plugin v27.4 - https:\/\/yoast.com\/product\/yoast-seo-wordpress\/ -->\n<title>Z\u00e1sady cookies (EU) - Vinn\u00fd sklep u Sv\u011btl\u00edk\u016f<\/title>\n<meta name=\"description\" content=\"Vinn\u00fd sklep u Sv\u011btl\u00edk\u016f Horn\u00ed Lapa\u010d. V\u00fdroba v\u00edn na zak\u00e1zku, prodej p\u0159\u00edrodn\u00edch (autentick\u00fdch), bylinkov\u00fdch v\u00edn, degustace s vina\u0159em a posezen\u00ed.\" \/>\n<meta name=\"robots\" content=\"index, follow, max-snippet:-1, max-image-preview:large, max-video-preview:-1\" \/>\n<link rel=\"canonical\" href=\"https:\/\/vinnysklepsvetlik.cz\/en\/zasady-cookies-eu\/\" \/>\n<meta property=\"og:locale\" content=\"en_GB\" \/>\n<meta property=\"og:type\" content=\"article\" \/>\n<meta property=\"og:title\" content=\"Nejsevern\u011bj\u0161\u00ed vinn\u00fd sklep u Sv\u011btl\u00edk\u016f, Horn\u00ed Lapa\u010d\" \/>\n<meta property=\"og:description\" content=\"Vinn\u00fd sklep u Sv\u011btl\u00edk\u016f Horn\u00ed Lapa\u010d. V\u00fdroba v\u00edn na zak\u00e1zku, prodej p\u0159\u00edrodn\u00edch (autentick\u00fdch), bylinkov\u00fdch v\u00edn, degustace s vina\u0159em a posezen\u00ed.\" \/>\n<meta property=\"og:url\" content=\"https:\/\/vinnysklepsvetlik.cz\/en\/zasady-cookies-eu\/\" \/>\n<meta property=\"og:site_name\" content=\"Vinn\u00fd sklep u Sv\u011btl\u00edk\u016f\" \/>\n<meta property=\"article:modified_time\" content=\"2022-08-18T20:54:11+00:00\" \/>\n<meta property=\"og:image\" content=\"https:\/\/vinnysklepsvetlik.cz\/wp-content\/uploads\/2020\/04\/IMG_20220815_183631-1.jpg\" \/>\n\t<meta property=\"og:image:width\" content=\"410\" \/>\n\t<meta property=\"og:image:height\" content=\"378\" \/>\n\t<meta property=\"og:image:type\" content=\"image\/jpeg\" \/>\n<meta name=\"twitter:card\" content=\"summary_large_image\" \/>\n<meta name=\"twitter:label1\" content=\"Estimated reading time\" \/>\n\t<meta name=\"twitter:data1\" content=\"1 minute\" \/>\n<script type=\"application\/ld+json\" class=\"yoast-schema-graph\">{\"@context\":\"https:\\\/\\\/schema.org\",\"@graph\":[{\"@type\":\"WebPage\",\"@id\":\"https:\\\/\\\/vinnysklepsvetlik.cz\\\/zasady-cookies-eu\\\/\",\"url\":\"https:\\\/\\\/vinnysklepsvetlik.cz\\\/zasady-cookies-eu\\\/\",\"name\":\"Z\u00e1sady cookies (EU) - Vinn\u00fd sklep u Sv\u011btl\u00edk\u016f\",\"isPartOf\":{\"@id\":\"https:\\\/\\\/vinnysklepsvetlik.cz\\\/#website\"},\"datePublished\":\"2022-08-17T23:52:42+00:00\",\"dateModified\":\"2022-08-18T20:54:11+00:00\",\"description\":\"Vinn\u00fd sklep u Sv\u011btl\u00edk\u016f Horn\u00ed Lapa\u010d. V\u00fdroba v\u00edn na zak\u00e1zku, prodej p\u0159\u00edrodn\u00edch (autentick\u00fdch), bylinkov\u00fdch v\u00edn, degustace s vina\u0159em a posezen\u00ed.\",\"breadcrumb\":{\"@id\":\"https:\\\/\\\/vinnysklepsvetlik.cz\\\/zasady-cookies-eu\\\/#breadcrumb\"},\"inLanguage\":\"en-GB\",\"potentialAction\":[{\"@type\":\"ReadAction\",\"target\":[\"https:\\\/\\\/vinnysklepsvetlik.cz\\\/zasady-cookies-eu\\\/\"]}]},{\"@type\":\"BreadcrumbList\",\"@id\":\"https:\\\/\\\/vinnysklepsvetlik.cz\\\/zasady-cookies-eu\\\/#breadcrumb\",\"itemListElement\":[{\"@type\":\"ListItem\",\"position\":1,\"name\":\"Dom\u016f\",\"item\":\"https:\\\/\\\/vinnysklepsvetlik.cz\\\/\"},{\"@type\":\"ListItem\",\"position\":2,\"name\":\"Z\u00e1sady cookies (EU)\"}]},{\"@type\":\"WebSite\",\"@id\":\"https:\\\/\\\/vinnysklepsvetlik.cz\\\/#website\",\"url\":\"https:\\\/\\\/vinnysklepsvetlik.cz\\\/\",\"name\":\"Vinn\u00fd sklep u Sv\u011btl\u00edk\u016f\",\"description\":\"Nejsevern\u011bj\u0161\u00ed vinn\u00e1 sklep na Morav\u011b vinn\u00fd sklep U Sv\u011btl\u00edk\u016f, Horn\u00ed Lapa\u010d\",\"potentialAction\":[{\"@type\":\"SearchAction\",\"target\":{\"@type\":\"EntryPoint\",\"urlTemplate\":\"https:\\\/\\\/vinnysklepsvetlik.cz\\\/?s={search_term_string}\"},\"query-input\":{\"@type\":\"PropertyValueSpecification\",\"valueRequired\":true,\"valueName\":\"search_term_string\"}}],\"inLanguage\":\"en-GB\"}]}<\/script>\n<!-- \/ Yoast SEO plugin. -->","yoast_head_json":{"title":"Z\u00e1sady cookies (EU) - Vinn\u00fd sklep u Sv\u011btl\u00edk\u016f","description":"Vinn\u00fd sklep u Sv\u011btl\u00edk\u016f Horn\u00ed Lapa\u010d. V\u00fdroba v\u00edn na zak\u00e1zku, prodej p\u0159\u00edrodn\u00edch (autentick\u00fdch), bylinkov\u00fdch v\u00edn, degustace s vina\u0159em a posezen\u00ed.","robots":{"index":"index","follow":"follow","max-snippet":"max-snippet:-1","max-image-preview":"max-image-preview:large","max-video-preview":"max-video-preview:-1"},"canonical":"https:\/\/vinnysklepsvetlik.cz\/en\/zasady-cookies-eu\/","og_locale":"en_GB","og_type":"article","og_title":"Nejsevern\u011bj\u0161\u00ed vinn\u00fd sklep u Sv\u011btl\u00edk\u016f, Horn\u00ed Lapa\u010d","og_description":"Vinn\u00fd sklep u Sv\u011btl\u00edk\u016f Horn\u00ed Lapa\u010d. V\u00fdroba v\u00edn na zak\u00e1zku, prodej p\u0159\u00edrodn\u00edch (autentick\u00fdch), bylinkov\u00fdch v\u00edn, degustace s vina\u0159em a posezen\u00ed.","og_url":"https:\/\/vinnysklepsvetlik.cz\/en\/zasady-cookies-eu\/","og_site_name":"Vinn\u00fd sklep u Sv\u011btl\u00edk\u016f","article_modified_time":"2022-08-18T20:54:11+00:00","og_image":[{"width":410,"height":378,"url":"https:\/\/vinnysklepsvetlik.cz\/wp-content\/uploads\/2020\/04\/IMG_20220815_183631-1.jpg","type":"image\/jpeg"}],"twitter_card":"summary_large_image","twitter_misc":{"Estimated reading time":"1 minute"},"schema":{"@context":"https:\/\/schema.org","@graph":[{"@type":"WebPage","@id":"https:\/\/vinnysklepsvetlik.cz\/zasady-cookies-eu\/","url":"https:\/\/vinnysklepsvetlik.cz\/zasady-cookies-eu\/","name":"Z\u00e1sady cookies (EU) - Vinn\u00fd sklep u Sv\u011btl\u00edk\u016f","isPartOf":{"@id":"https:\/\/vinnysklepsvetlik.cz\/#website"},"datePublished":"2022-08-17T23:52:42+00:00","dateModified":"2022-08-18T20:54:11+00:00","description":"Vinn\u00fd sklep u Sv\u011btl\u00edk\u016f Horn\u00ed Lapa\u010d. V\u00fdroba v\u00edn na zak\u00e1zku, prodej p\u0159\u00edrodn\u00edch (autentick\u00fdch), bylinkov\u00fdch v\u00edn, degustace s vina\u0159em a posezen\u00ed.","breadcrumb":{"@id":"https:\/\/vinnysklepsvetlik.cz\/zasady-cookies-eu\/#breadcrumb"},"inLanguage":"en-GB","potentialAction":[{"@type":"ReadAction","target":["https:\/\/vinnysklepsvetlik.cz\/zasady-cookies-eu\/"]}]},{"@type":"BreadcrumbList","@id":"https:\/\/vinnysklepsvetlik.cz\/zasady-cookies-eu\/#breadcrumb","itemListElement":[{"@type":"ListItem","position":1,"name":"Dom\u016f","item":"https:\/\/vinnysklepsvetlik.cz\/"},{"@type":"ListItem","position":2,"name":"Z\u00e1sady cookies (EU)"}]},{"@type":"WebSite","@id":"https:\/\/vinnysklepsvetlik.cz\/#website","url":"https:\/\/vinnysklepsvetlik.cz\/","name":"Vinn\u00fd sklep u Sv\u011btl\u00edk\u016f","description":"Nejsevern\u011bj\u0161\u00ed vinn\u00e1 sklep na Morav\u011b vinn\u00fd sklep U Sv\u011btl\u00edk\u016f, Horn\u00ed Lapa\u010d","potentialAction":[{"@type":"SearchAction","target":{"@type":"EntryPoint","urlTemplate":"https:\/\/vinnysklepsvetlik.cz\/?s={search_term_string}"},"query-input":{"@type":"PropertyValueSpecification","valueRequired":true,"valueName":"search_term_string"}}],"inLanguage":"en-GB"}]}},"_links":{"self":[{"href":"https:\/\/vinnysklepsvetlik.cz\/en\/wp-json\/wp\/v2\/pages\/20264","targetHints":{"allow":["GET"]}}],"collection":[{"href":"https:\/\/vinnysklepsvetlik.cz\/en\/wp-json\/wp\/v2\/pages"}],"about":[{"href":"https:\/\/vinnysklepsvetlik.cz\/en\/wp-json\/wp\/v2\/types\/page"}],"author":[{"embeddable":true,"href":"https:\/\/vinnysklepsvetlik.cz\/en\/wp-json\/wp\/v2\/users\/1"}],"replies":[{"embeddable":true,"href":"https:\/\/vinnysklepsvetlik.cz\/en\/wp-json\/wp\/v2\/comments?post=20264"}],"version-history":[{"count":1,"href":"https:\/\/vinnysklepsvetlik.cz\/en\/wp-json\/wp\/v2\/pages\/20264\/revisions"}],"predecessor-version":[{"id":20460,"href":"https:\/\/vinnysklepsvetlik.cz\/en\/wp-json\/wp\/v2\/pages\/20264\/revisions\/20460"}],"wp:attachment":[{"href":"https:\/\/vinnysklepsvetlik.cz\/en\/wp-json\/wp\/v2\/media?parent=20264"}],"curies":[{"name":"wp","href":"https:\/\/api.w.org\/{rel}","templated":true}]}}